{"id":1711,"date":"2021-11-21T15:14:41","date_gmt":"2021-11-21T15:14:41","guid":{"rendered":"https:\/\/reciner.com\/?page_id=1711"},"modified":"2023-09-04T09:21:06","modified_gmt":"2023-09-04T09:21:06","slug":"services","status":"publish","type":"page","link":"https:\/\/reciner.com\/?page_id=1711","title":{"rendered":"Services"},"content":{"rendered":"\t\t<div data-elementor-type=\"wp-page\" data-elementor-id=\"1711\" class=\"elementor elementor-1711\">\n\t\t\t\t\t\t<section class=\"elementor-section elementor-top-section elementor-element elementor-element-6f57d69 elementor-section-height-min-height elementor-section-boxed elementor-section-height-default elementor-section-items-middle\" data-id=\"6f57d69\" data-element_type=\"section\" data-e-type=\"section\" data-settings=\"{&quot;background_background&quot;:&quot;classic&quot;}\">\n\t\t\t\t\t\t<div class=\"elementor-container elementor-column-gap-default\">\n\t\t\t\t\t<div class=\"elementor-column elementor-col-100 elementor-top-column elementor-element elementor-element-47228c7\" data-id=\"47228c7\" data-element_type=\"column\" data-e-type=\"column\">\n\t\t\t<div class=\"elementor-widget-wrap elementor-element-populated\">\n\t\t\t\t\t\t<div class=\"elementor-element elementor-element-745baeb elementor-widget elementor-widget-heading\" data-id=\"745baeb\" data-element_type=\"widget\" data-e-type=\"widget\" data-widget_type=\"heading.default\">\n\t\t\t\t<div class=\"elementor-widget-container\">\n\t\t\t\t\t<h1 class=\"elementor-heading-title elementor-size-default\"><br><br>nuestros Servicios<\/h1>\t\t\t\t<\/div>\n\t\t\t\t<\/div>\n\t\t\t\t\t<\/div>\n\t\t<\/div>\n\t\t\t\t\t<\/div>\n\t\t<\/section>\n\t\t\t\t<section class=\"elementor-section elementor-top-section elementor-element elementor-element-313a1ba elementor-reverse-mobile elementor-section-boxed elementor-section-height-default elementor-section-height-default\" data-id=\"313a1ba\" data-element_type=\"section\" data-e-type=\"section\">\n\t\t\t\t\t\t<div class=\"elementor-container elementor-column-gap-default\">\n\t\t\t\t\t<div class=\"elementor-column elementor-col-50 elementor-top-column elementor-element elementor-element-ddff12f\" data-id=\"ddff12f\" data-element_type=\"column\" data-e-type=\"column\">\n\t\t\t<div class=\"elementor-widget-wrap elementor-element-populated\">\n\t\t\t\t\t\t<div class=\"elementor-element elementor-element-4f3b33b elementor-widget elementor-widget-heading\" data-id=\"4f3b33b\" data-element_type=\"widget\" data-e-type=\"widget\" data-widget_type=\"heading.default\">\n\t\t\t\t<div class=\"elementor-widget-container\">\n\t\t\t\t\t<h3 class=\"elementor-heading-title elementor-size-default\"><h4 data-elementor-setting-key=\"title\" data-pen-placeholder=\"Teclea aqu\u00ed...\" style=\"font-size: 1.41176rem;font-style: normal\">Hosteler\u00eda y Restauraci\u00f3n (HORECA)<\/h4><\/h3>\t\t\t\t<\/div>\n\t\t\t\t<\/div>\n\t\t\t\t<div class=\"elementor-element elementor-element-bbd6665 elementor-widget elementor-widget-text-editor\" data-id=\"bbd6665\" data-element_type=\"widget\" data-e-type=\"widget\" data-widget_type=\"text-editor.default\">\n\t\t\t\t<div class=\"elementor-widget-container\">\n\t\t\t\t\t\t\t\t\t<p style=\"text-align: justify;\"><span style=\"font-size: 10.0pt; font-family: 'Arial',sans-serif;\">Desde nuestra experiencia en la retirada de aceite vegetal usado en locales de hosteler\u00eda y restauraci\u00f3n podemos garantizar un servicio profesional, eficaz y limpio. Aportando para cada cliente los medios necesarios, as\u00ed como las adaptaciones necesarias en los medios existentes en las instalaciones del cliente.<\/span><span style=\"font-family: Arial, sans-serif; font-size: 10pt; font-style: inherit; font-weight: inherit; background-color: var(--ast-global-color-5); color: var(--ast-global-color-3);\">&nbsp;<\/span><span style=\"font-family: Arial, sans-serif; font-size: 10pt; font-style: inherit; font-weight: inherit; background-color: var(--ast-global-color-5); color: var(--ast-global-color-3);\">El servicio se ofrece con un compromiso firme de recogida del residuo de acuerdo a una frecuencia asignada, liberando a cada cliente de esta responsabilidad. No obstante, existe un tel\u00e9fono de avisos 24h. 983 607 195 (Servicio contestador fuera de horario de oficina), que en caso de una sobreproducci\u00f3n puntual de este residuo se dar\u00e1 aviso y se atender\u00e1 a la mayor brevedad posible.<\/span><\/p>\t\t\t\t\t\t\t\t<\/div>\n\t\t\t\t<\/div>\n\t\t\t\t\t<\/div>\n\t\t<\/div>\n\t\t\t\t<div class=\"elementor-column elementor-col-50 elementor-top-column elementor-element elementor-element-ef420e9\" data-id=\"ef420e9\" data-element_type=\"column\" data-e-type=\"column\">\n\t\t\t<div class=\"elementor-widget-wrap elementor-element-populated\">\n\t\t\t\t\t\t<div class=\"elementor-element elementor-element-4a6a352 elementor-widget elementor-widget-image\" data-id=\"4a6a352\" data-element_type=\"widget\" data-e-type=\"widget\" data-widget_type=\"image.default\">\n\t\t\t\t<div class=\"elementor-widget-container\">\n\t\t\t\t\t\t\t\t\t\t\t\t\t\t\t<img fetchpriority=\"high\" decoding=\"async\" width=\"1024\" height=\"768\" src=\"https:\/\/reciner.com\/wp-content\/uploads\/2023\/08\/people-food-restaurant-2602736-1024x768.jpg\" class=\"attachment-large size-large wp-image-1867\" alt=\"people, food, restaurant-2602736.jpg\" srcset=\"https:\/\/reciner.com\/wp-content\/uploads\/2023\/08\/people-food-restaurant-2602736-1024x768.jpg 1024w, https:\/\/reciner.com\/wp-content\/uploads\/2023\/08\/people-food-restaurant-2602736-300x225.jpg 300w, https:\/\/reciner.com\/wp-content\/uploads\/2023\/08\/people-food-restaurant-2602736-768x576.jpg 768w, https:\/\/reciner.com\/wp-content\/uploads\/2023\/08\/people-food-restaurant-2602736.jpg 1280w\" sizes=\"(max-width: 1024px) 100vw, 1024px\" \/>\t\t\t\t\t\t\t\t\t\t\t\t\t\t\t<\/div>\n\t\t\t\t<\/div>\n\t\t\t\t\t<\/div>\n\t\t<\/div>\n\t\t\t\t\t<\/div>\n\t\t<\/section>\n\t\t\t\t<section class=\"elementor-section elementor-top-section elementor-element elementor-element-8157e71 elementor-section-boxed elementor-section-height-default elementor-section-height-default\" data-id=\"8157e71\" data-element_type=\"section\" data-e-type=\"section\">\n\t\t\t\t\t\t<div class=\"elementor-container elementor-column-gap-default\">\n\t\t\t\t\t<div class=\"elementor-column elementor-col-50 elementor-top-column elementor-element elementor-element-400a51f\" data-id=\"400a51f\" data-element_type=\"column\" data-e-type=\"column\">\n\t\t\t<div class=\"elementor-widget-wrap elementor-element-populated\">\n\t\t\t\t\t\t<div class=\"elementor-element elementor-element-8d1da40 elementor-widget elementor-widget-image\" data-id=\"8d1da40\" data-element_type=\"widget\" data-e-type=\"widget\" data-widget_type=\"image.default\">\n\t\t\t\t<div class=\"elementor-widget-container\">\n\t\t\t\t\t\t\t\t\t\t\t\t\t\t\t<img decoding=\"async\" width=\"1024\" height=\"682\" src=\"https:\/\/reciner.com\/wp-content\/uploads\/2023\/08\/factory-storage-tank-chemistry-644982-1024x682.jpg\" class=\"attachment-large size-large wp-image-1868\" alt=\"factory, storage tank, chemistry-644982.jpg\" srcset=\"https:\/\/reciner.com\/wp-content\/uploads\/2023\/08\/factory-storage-tank-chemistry-644982-1024x682.jpg 1024w, https:\/\/reciner.com\/wp-content\/uploads\/2023\/08\/factory-storage-tank-chemistry-644982-300x200.jpg 300w, https:\/\/reciner.com\/wp-content\/uploads\/2023\/08\/factory-storage-tank-chemistry-644982-768x511.jpg 768w, https:\/\/reciner.com\/wp-content\/uploads\/2023\/08\/factory-storage-tank-chemistry-644982.jpg 1280w\" sizes=\"(max-width: 1024px) 100vw, 1024px\" \/>\t\t\t\t\t\t\t\t\t\t\t\t\t\t\t<\/div>\n\t\t\t\t<\/div>\n\t\t\t\t\t<\/div>\n\t\t<\/div>\n\t\t\t\t<div class=\"elementor-column elementor-col-50 elementor-top-column elementor-element elementor-element-cc5adf3\" data-id=\"cc5adf3\" data-element_type=\"column\" data-e-type=\"column\">\n\t\t\t<div class=\"elementor-widget-wrap elementor-element-populated\">\n\t\t\t\t\t\t<div class=\"elementor-element elementor-element-925831b elementor-widget elementor-widget-heading\" data-id=\"925831b\" data-element_type=\"widget\" data-e-type=\"widget\" data-widget_type=\"heading.default\">\n\t\t\t\t<div class=\"elementor-widget-container\">\n\t\t\t\t\t<h3 class=\"elementor-heading-title elementor-size-default\"><h4 data-elementor-setting-key=\"title\" data-pen-placeholder=\"Teclea aqu\u00ed...\" style=\"font-size: 1.41176rem;font-style: normal\">Grandes Generadores (F\u00e1bricas, catering, etc..)<\/h4><\/h3>\t\t\t\t<\/div>\n\t\t\t\t<\/div>\n\t\t\t\t<div class=\"elementor-element elementor-element-77be2a5 elementor-widget elementor-widget-text-editor\" data-id=\"77be2a5\" data-element_type=\"widget\" data-e-type=\"widget\" data-widget_type=\"text-editor.default\">\n\t\t\t\t<div class=\"elementor-widget-container\">\n\t\t\t\t\t\t\t\t\t<p style=\"text-align:justify\"><font face=\"Arial, sans-serif\"><span style=\"font-size: 13.3333px;\">Para el caso especial de grandes generadores, desde Reciner aportamos los medios y soluciones ideales para maximizar el aprovechamiento y valor del residuo.<\/span><\/font><\/p><p style=\"text-align:justify\"><span style=\"font-size:10.0pt;\nfont-family:&quot;Arial&quot;,sans-serif\">El servicio se ofrece con un compromiso firme\nde recogida del residuo en las siguientes 24-48 h. al aviso de retirada.&nbsp;<\/span><span style=\"font-family: Arial, sans-serif; font-size: 10pt; font-style: inherit; font-weight: inherit; background-color: var(--ast-global-color-5); color: var(--ast-global-color-3);\">El personal de Reciner que realiza la retirada\ndel residuo certifica con un albar\u00e1n la cantidad de Kilos recogidos dejando\ncopia al cliente. Una vez que el residuo entra en planta queda reflejado en\nnuestro sistema inform\u00e1tico de manera que el cliente puede disponer cuando as\u00ed\nnos lo requiera de su hist\u00f3rico de recogidas. Desde el departamento de\nadministraci\u00f3n se genera y se env\u00eda al cliente un documento resumen anual del\nservicio prestado detallando todas las recogidas.<\/span><\/p>\t\t\t\t\t\t\t\t<\/div>\n\t\t\t\t<\/div>\n\t\t\t\t\t<\/div>\n\t\t<\/div>\n\t\t\t\t\t<\/div>\n\t\t<\/section>\n\t\t\t\t<section class=\"elementor-section elementor-top-section elementor-element elementor-element-a8f7aed elementor-reverse-mobile elementor-section-boxed elementor-section-height-default elementor-section-height-default\" data-id=\"a8f7aed\" data-element_type=\"section\" data-e-type=\"section\">\n\t\t\t\t\t\t<div class=\"elementor-container elementor-column-gap-default\">\n\t\t\t\t\t<div class=\"elementor-column elementor-col-50 elementor-top-column elementor-element elementor-element-f1f2bc2\" data-id=\"f1f2bc2\" data-element_type=\"column\" data-e-type=\"column\">\n\t\t\t<div class=\"elementor-widget-wrap elementor-element-populated\">\n\t\t\t\t\t\t<div class=\"elementor-element elementor-element-34a10af elementor-widget elementor-widget-heading\" data-id=\"34a10af\" data-element_type=\"widget\" data-e-type=\"widget\" data-widget_type=\"heading.default\">\n\t\t\t\t<div class=\"elementor-widget-container\">\n\t\t\t\t\t<h3 class=\"elementor-heading-title elementor-size-default\"><h4 data-elementor-setting-key=\"title\" data-pen-placeholder=\"Teclea aqu\u00ed...\" style=\"font-size: 1.41176rem;font-style: normal\">Origen Dom\u00e9stico<\/h4><\/h3>\t\t\t\t<\/div>\n\t\t\t\t<\/div>\n\t\t\t\t<div class=\"elementor-element elementor-element-dc0f3cb elementor-widget elementor-widget-text-editor\" data-id=\"dc0f3cb\" data-element_type=\"widget\" data-e-type=\"widget\" data-widget_type=\"text-editor.default\">\n\t\t\t\t<div class=\"elementor-widget-container\">\n\t\t\t\t\t\t\t\t\t<p class=\"MsoNormal\" style=\"text-align: justify;\"><span style=\"font-size: 10.0pt; font-family: 'Arial',sans-serif;\">Desde nuestra experiencia en la retirada de aceite de origen dom\u00e9stico, hemos definido un sistema para dar cobertura a cualquier municipio independientemente de su tama\u00f1o, adaptado a la comodidad de toda la ciudadan\u00eda. El sistema consiste en la colocaci\u00f3n de contenedores en los que el usuario deposita el aceite, que previamente ha embotellado en su hogar en botellas de pl\u00e1stico, a trav\u00e9s de los buzones superiores situados en cada una de las caras. Estos buzones est\u00e1n dise\u00f1ados para introducir botellas de hasta 20 litros, de este modo, la deposici\u00f3n del residuo es m\u00e1s r\u00e1pida, segura y limpia.<\/span><\/p>\t\t\t\t\t\t\t\t<\/div>\n\t\t\t\t<\/div>\n\t\t\t\t\t<\/div>\n\t\t<\/div>\n\t\t\t\t<div class=\"elementor-column elementor-col-50 elementor-top-column elementor-element elementor-element-02bda06\" data-id=\"02bda06\" data-element_type=\"column\" data-e-type=\"column\">\n\t\t\t<div class=\"elementor-widget-wrap elementor-element-populated\">\n\t\t\t\t\t\t<div class=\"elementor-element elementor-element-087cd5c elementor-widget elementor-widget-image\" data-id=\"087cd5c\" data-element_type=\"widget\" data-e-type=\"widget\" data-widget_type=\"image.default\">\n\t\t\t\t<div class=\"elementor-widget-container\">\n\t\t\t\t\t\t\t\t\t\t\t\t\t\t\t<img decoding=\"async\" width=\"768\" height=\"592\" src=\"https:\/\/reciner.com\/wp-content\/uploads\/2023\/08\/contenedor-domestico-768x592.jpg\" class=\"attachment-medium_large size-medium_large wp-image-1874\" alt=\"\" srcset=\"https:\/\/reciner.com\/wp-content\/uploads\/2023\/08\/contenedor-domestico-768x592.jpg 768w, https:\/\/reciner.com\/wp-content\/uploads\/2023\/08\/contenedor-domestico-300x231.jpg 300w, https:\/\/reciner.com\/wp-content\/uploads\/2023\/08\/contenedor-domestico-1024x790.jpg 1024w, https:\/\/reciner.com\/wp-content\/uploads\/2023\/08\/contenedor-domestico-1536x1185.jpg 1536w, https:\/\/reciner.com\/wp-content\/uploads\/2023\/08\/contenedor-domestico.jpg 1688w\" sizes=\"(max-width: 768px) 100vw, 768px\" \/>\t\t\t\t\t\t\t\t\t\t\t\t\t\t\t<\/div>\n\t\t\t\t<\/div>\n\t\t\t\t\t<\/div>\n\t\t<\/div>\n\t\t\t\t\t<\/div>\n\t\t<\/section>\n\t\t\t\t<section class=\"elementor-section elementor-top-section elementor-element elementor-element-ea64682 elementor-section-content-middle elementor-section-boxed elementor-section-height-default elementor-section-height-default\" data-id=\"ea64682\" data-element_type=\"section\" data-e-type=\"section\" data-settings=\"{&quot;background_background&quot;:&quot;classic&quot;}\">\n\t\t\t\t\t\t<div class=\"elementor-container elementor-column-gap-default\">\n\t\t\t\t\t<div class=\"elementor-column elementor-col-33 elementor-top-column elementor-element elementor-element-3cb18be\" data-id=\"3cb18be\" data-element_type=\"column\" data-e-type=\"column\">\n\t\t\t<div class=\"elementor-widget-wrap elementor-element-populated\">\n\t\t\t\t\t\t<div class=\"elementor-element elementor-element-a657d7e elementor-widget elementor-widget-image\" data-id=\"a657d7e\" data-element_type=\"widget\" data-e-type=\"widget\" data-widget_type=\"image.default\">\n\t\t\t\t<div class=\"elementor-widget-container\">\n\t\t\t\t\t\t\t\t\t\t\t\t\t\t\t\t<a href=\"https:\/\/www.un.org\/sustainabledevelopment\/es\/objetivos-de-desarrollo-sostenible\/\" target=\"_blank\">\n\t\t\t\t\t\t\t<img loading=\"lazy\" decoding=\"async\" width=\"740\" height=\"739\" src=\"https:\/\/reciner.com\/wp-content\/uploads\/2023\/09\/ODS-sin-fondo.png\" class=\"attachment-large size-large wp-image-2154\" alt=\"\" srcset=\"https:\/\/reciner.com\/wp-content\/uploads\/2023\/09\/ODS-sin-fondo.png 740w, https:\/\/reciner.com\/wp-content\/uploads\/2023\/09\/ODS-sin-fondo-300x300.png 300w, https:\/\/reciner.com\/wp-content\/uploads\/2023\/09\/ODS-sin-fondo-150x150.png 150w\" sizes=\"(max-width: 740px) 100vw, 740px\" \/>\t\t\t\t\t\t\t\t<\/a>\n\t\t\t\t\t\t\t\t\t\t\t\t\t\t\t<\/div>\n\t\t\t\t<\/div>\n\t\t\t\t\t<\/div>\n\t\t<\/div>\n\t\t\t\t<div class=\"elementor-column elementor-col-33 elementor-top-column elementor-element elementor-element-64c7743\" data-id=\"64c7743\" data-element_type=\"column\" data-e-type=\"column\">\n\t\t\t<div class=\"elementor-widget-wrap elementor-element-populated\">\n\t\t\t\t\t\t<div class=\"elementor-element elementor-element-4ccc7f0 elementor-widget elementor-widget-heading\" data-id=\"4ccc7f0\" data-element_type=\"widget\" data-e-type=\"widget\" data-widget_type=\"heading.default\">\n\t\t\t\t<div class=\"elementor-widget-container\">\n\t\t\t\t\t<h2 class=\"elementor-heading-title elementor-size-default\"><a href=\"https:\/\/reciner.com\/?page_id=16\">QUIERES DECIRNOS ALGO..<\/a><\/h2>\t\t\t\t<\/div>\n\t\t\t\t<\/div>\n\t\t\t\t<div class=\"elementor-element elementor-element-9129677 elementor-widget elementor-widget-text-editor\" data-id=\"9129677\" data-element_type=\"widget\" data-e-type=\"widget\" data-widget_type=\"text-editor.default\">\n\t\t\t\t<div class=\"elementor-widget-container\">\n\t\t\t\t\t\t\t\t\t<p>Puedes llamarnos al 983 607 195 o mandarnos un mail a info@reciner.com<\/p>\t\t\t\t\t\t\t\t<\/div>\n\t\t\t\t<\/div>\n\t\t\t\t\t<\/div>\n\t\t<\/div>\n\t\t\t\t<div class=\"elementor-column elementor-col-33 elementor-top-column elementor-element elementor-element-c0c53f1\" data-id=\"c0c53f1\" data-element_type=\"column\" data-e-type=\"column\">\n\t\t\t<div class=\"elementor-widget-wrap elementor-element-populated\">\n\t\t\t\t\t\t<div class=\"elementor-element elementor-element-cb1b5d9 elementor-widget elementor-widget-image\" data-id=\"cb1b5d9\" data-element_type=\"widget\" data-e-type=\"widget\" data-widget_type=\"image.default\">\n\t\t\t\t<div class=\"elementor-widget-container\">\n\t\t\t\t\t\t\t\t\t\t\t\t\t\t\t\t<a href=\"https:\/\/www.iscc-system.org\/\" target=\"_blank\">\n\t\t\t\t\t\t\t<img loading=\"lazy\" decoding=\"async\" width=\"172\" height=\"171\" src=\"https:\/\/reciner.com\/wp-content\/uploads\/2023\/09\/ISCC-sin-fondo.png\" class=\"attachment-large size-large wp-image-2155\" alt=\"\" srcset=\"https:\/\/reciner.com\/wp-content\/uploads\/2023\/09\/ISCC-sin-fondo.png 172w, https:\/\/reciner.com\/wp-content\/uploads\/2023\/09\/ISCC-sin-fondo-150x150.png 150w\" sizes=\"(max-width: 172px) 100vw, 172px\" \/>\t\t\t\t\t\t\t\t<\/a>\n\t\t\t\t\t\t\t\t\t\t\t\t\t\t\t<\/div>\n\t\t\t\t<\/div>\n\t\t\t\t\t<\/div>\n\t\t<\/div>\n\t\t\t\t\t<\/div>\n\t\t<\/section>\n\t\t\t\t<\/div>\n\t\t","protected":false},"excerpt":{"rendered":"<p>nuestros Servicios Hosteler\u00eda y Restauraci\u00f3n (HORECA) Desde nuestra experiencia en la retirada de aceite vegetal usado en locales de hosteler\u00eda y restauraci\u00f3n podemos garantizar un servicio profesional, eficaz y limpio. Aportando para cada cliente los medios necesarios, as\u00ed como las adaptaciones necesarias en los medios existentes en las instalaciones del cliente.&nbsp;El servicio se ofrece con [&hellip;]<\/p>\n","protected":false},"author":1,"featured_media":0,"parent":0,"menu_order":0,"comment_status":"closed","ping_status":"closed","template":"","meta":{"site-sidebar-layout":"no-sidebar","site-content-layout":"page-builder","ast-site-content-layout":"default","site-content-style":"default","site-sidebar-style":"default","ast-global-header-display":"","ast-banner-title-visibility":"","ast-main-header-display":"","ast-hfb-above-header-display":"","ast-hfb-below-header-display":"","ast-hfb-mobile-header-display":"","site-post-title":"disabled","ast-breadcrumbs-content":"","ast-featured-img":"disabled","footer-sml-layout":"","ast-disable-related-posts":"","theme-transparent-header-meta":"enabled","adv-header-id-meta":"","stick-header-meta":"","header-above-stick-meta":"","header-main-stick-meta":"","header-below-stick-meta":"","astra-migrate-meta-layouts":"default","ast-page-background-enabled":"default","ast-page-background-meta":{"desktop":{"background-color":"var(--ast-global-color-4)","background-image":"","background-repeat":"repeat","background-position":"center center","background-size":"auto","background-attachment":"scroll","background-type":"","background-media":"","overlay-type":"","overlay-color":"","overlay-opacity":"","overlay-gradient":""},"tablet":{"background-color":"","background-image":"","background-repeat":"repeat","background-position":"center center","background-size":"auto","background-attachment":"scroll","background-type":"","background-media":"","overlay-type":"","overlay-color":"","overlay-opacity":"","overlay-gradient":""},"mobile":{"background-color":"","background-image":"","background-repeat":"repeat","background-position":"center center","background-size":"auto","background-attachment":"scroll","background-type":"","background-media":"","overlay-type":"","overlay-color":"","overlay-opacity":"","overlay-gradient":""}},"ast-content-background-meta":{"desktop":{"background-color":"var(--ast-global-color-5)","background-image":"","background-repeat":"repeat","background-position":"center center","background-size":"auto","background-attachment":"scroll","background-type":"","background-media":"","overlay-type":"","overlay-color":"","overlay-opacity":"","overlay-gradient":""},"tablet":{"background-color":"var(--ast-global-color-5)","background-image":"","background-repeat":"repeat","background-position":"center center","background-size":"auto","background-attachment":"scroll","background-type":"","background-media":"","overlay-type":"","overlay-color":"","overlay-opacity":"","overlay-gradient":""},"mobile":{"background-color":"var(--ast-global-color-5)","background-image":"","background-repeat":"repeat","background-position":"center center","background-size":"auto","background-attachment":"scroll","background-type":"","background-media":"","overlay-type":"","overlay-color":"","overlay-opacity":"","overlay-gradient":""}},"footnotes":""},"class_list":["post-1711","page","type-page","status-publish","hentry"],"_links":{"self":[{"href":"https:\/\/reciner.com\/index.php?rest_route=\/wp\/v2\/pages\/1711","targetHints":{"allow":["GET"]}}],"collection":[{"href":"https:\/\/reciner.com\/index.php?rest_route=\/wp\/v2\/pages"}],"about":[{"href":"https:\/\/reciner.com\/index.php?rest_route=\/wp\/v2\/types\/page"}],"author":[{"embeddable":true,"href":"https:\/\/reciner.com\/index.php?rest_route=\/wp\/v2\/users\/1"}],"replies":[{"embeddable":true,"href":"https:\/\/reciner.com\/index.php?rest_route=%2Fwp%2Fv2%2Fcomments&post=1711"}],"version-history":[{"count":85,"href":"https:\/\/reciner.com\/index.php?rest_route=\/wp\/v2\/pages\/1711\/revisions"}],"predecessor-version":[{"id":2248,"href":"https:\/\/reciner.com\/index.php?rest_route=\/wp\/v2\/pages\/1711\/revisions\/2248"}],"wp:attachment":[{"href":"https:\/\/reciner.com\/index.php?rest_route=%2Fwp%2Fv2%2Fmedia&parent=1711"}],"curies":[{"name":"wp","href":"https:\/\/api.w.org\/{rel}","templated":true}]}}