{"id":1710,"date":"2021-11-21T15:14:19","date_gmt":"2021-11-21T15:14:19","guid":{"rendered":"https:\/\/reciner.com\/?page_id=1710"},"modified":"2023-09-04T09:20:42","modified_gmt":"2023-09-04T09:20:42","slug":"about","status":"publish","type":"page","link":"https:\/\/reciner.com\/?page_id=1710","title":{"rendered":"About"},"content":{"rendered":"\t\t<div data-elementor-type=\"wp-page\" data-elementor-id=\"1710\" class=\"elementor elementor-1710\">\n\t\t\t\t\t\t<section class=\"elementor-section elementor-top-section elementor-element elementor-element-3447f83 elementor-section-height-min-height elementor-section-boxed elementor-section-height-default elementor-section-items-middle\" data-id=\"3447f83\" data-element_type=\"section\" data-e-type=\"section\" data-settings=\"{&quot;background_background&quot;:&quot;classic&quot;}\">\n\t\t\t\t\t\t<div class=\"elementor-container elementor-column-gap-default\">\n\t\t\t\t\t<div class=\"elementor-column elementor-col-100 elementor-top-column elementor-element elementor-element-b3a35f8\" data-id=\"b3a35f8\" data-element_type=\"column\" data-e-type=\"column\">\n\t\t\t<div class=\"elementor-widget-wrap elementor-element-populated\">\n\t\t\t\t\t\t<div class=\"elementor-element elementor-element-32eb271 elementor-widget elementor-widget-heading\" data-id=\"32eb271\" data-element_type=\"widget\" data-e-type=\"widget\" data-widget_type=\"heading.default\">\n\t\t\t\t<div class=\"elementor-widget-container\">\n\t\t\t\t\t<h1 class=\"elementor-heading-title elementor-size-default\"><br><br>quienes somos<\/h1>\t\t\t\t<\/div>\n\t\t\t\t<\/div>\n\t\t\t\t\t<\/div>\n\t\t<\/div>\n\t\t\t\t\t<\/div>\n\t\t<\/section>\n\t\t\t\t<section class=\"elementor-section elementor-top-section elementor-element elementor-element-460970c elementor-section-boxed elementor-section-height-default elementor-section-height-default\" data-id=\"460970c\" data-element_type=\"section\" data-e-type=\"section\">\n\t\t\t\t\t\t<div class=\"elementor-container elementor-column-gap-wide\">\n\t\t\t\t\t<div class=\"elementor-column elementor-col-50 elementor-top-column elementor-element elementor-element-21f68a6\" data-id=\"21f68a6\" data-element_type=\"column\" data-e-type=\"column\">\n\t\t\t<div class=\"elementor-widget-wrap elementor-element-populated\">\n\t\t\t\t\t\t<div class=\"elementor-element elementor-element-670e6d2 elementor-widget elementor-widget-image\" data-id=\"670e6d2\" data-element_type=\"widget\" data-e-type=\"widget\" data-widget_type=\"image.default\">\n\t\t\t\t<div class=\"elementor-widget-container\">\n\t\t\t\t\t\t\t\t\t\t\t\t\t\t\t<img fetchpriority=\"high\" decoding=\"async\" width=\"780\" height=\"1024\" src=\"https:\/\/reciner.com\/wp-content\/uploads\/2023\/08\/earth-globe-world-159123-780x1024.png\" class=\"attachment-large size-large wp-image-1929\" alt=\"earth, globe, world-159123.jpg\" srcset=\"https:\/\/reciner.com\/wp-content\/uploads\/2023\/08\/earth-globe-world-159123-780x1024.png 780w, https:\/\/reciner.com\/wp-content\/uploads\/2023\/08\/earth-globe-world-159123-229x300.png 229w, https:\/\/reciner.com\/wp-content\/uploads\/2023\/08\/earth-globe-world-159123-768x1008.png 768w, https:\/\/reciner.com\/wp-content\/uploads\/2023\/08\/earth-globe-world-159123.png 975w\" sizes=\"(max-width: 780px) 100vw, 780px\" \/>\t\t\t\t\t\t\t\t\t\t\t\t\t\t\t<\/div>\n\t\t\t\t<\/div>\n\t\t\t\t\t<\/div>\n\t\t<\/div>\n\t\t\t\t<div class=\"elementor-column elementor-col-50 elementor-top-column elementor-element elementor-element-bc42c60\" data-id=\"bc42c60\" data-element_type=\"column\" data-e-type=\"column\">\n\t\t\t<div class=\"elementor-widget-wrap elementor-element-populated\">\n\t\t\t\t\t\t<div class=\"elementor-element elementor-element-0073403 elementor-widget elementor-widget-heading\" data-id=\"0073403\" data-element_type=\"widget\" data-e-type=\"widget\" data-widget_type=\"heading.default\">\n\t\t\t\t<div class=\"elementor-widget-container\">\n\t\t\t\t\t<h2 class=\"elementor-heading-title elementor-size-default\">nuestra misi\u00f3n<\/h2>\t\t\t\t<\/div>\n\t\t\t\t<\/div>\n\t\t\t\t<div class=\"elementor-element elementor-element-60241e2 elementor-widget elementor-widget-text-editor\" data-id=\"60241e2\" data-element_type=\"widget\" data-e-type=\"widget\" data-widget_type=\"text-editor.default\">\n\t\t\t\t<div class=\"elementor-widget-container\">\n\t\t\t\t\t\t\t\t\t<p class=\"MsoNormal\" style=\"text-align: justify;\"><span class=\"apple-converted-space\"><span style=\"font-size: 10.0pt; line-height: 115%; font-family: 'Verdana',sans-serif;\">Reciner naci\u00f3 en los a\u00f1os 2000 con el objetivo principal de dar valor a recursos que se estaban desechando, fijamos nuestro punto de partida en la circularidad de las materias primas que suponen los residuos, algunos de ellos contaminantes.<\/span><\/span><\/p><p class=\"MsoNormal\" style=\"text-align: justify;\"><span class=\"apple-converted-space\"><span style=\"font-size: 10.0pt; line-height: 115%; font-family: 'Verdana',sans-serif;\">Creamos nuestra propia planta de tratamiento en la que hoy procesamos y damos valor a miles de kilos de residuo diarios.<\/span><\/span><\/p><p class=\"MsoNormal\" style=\"text-align: justify;\"><span class=\"apple-converted-space\"><span style=\"font-size: 10.0pt; line-height: 115%; font-family: 'Verdana',sans-serif;\">Hoy seguimos con el mismo objetivo inicial que nos motivo a poner en marcha nuestra empresa, con la ilusi\u00f3n renovada en cada nueva etapa, innovando e investigando cada d\u00eda, siendo sabedores que el \u00e9xito est\u00e1 en la manera de recorrer el camino y que las metas una vez conseguidas pasan a ser el punto de salida hacia el siguiente objetivo.<\/span><\/span><\/p><p class=\"MsoNormal\" style=\"text-align: justify;\"><span class=\"apple-converted-space\"><span style=\"font-size: 10.0pt; line-height: 115%; font-family: 'Verdana',sans-serif;\">Integramos la variable ambiental en toda nuestra actividad y en especial en la toma de decisiones, <\/span><\/span><span style=\"font-size: 10.0pt; line-height: 115%; font-family: 'Verdana',sans-serif;\">contribuyendo de esta forma al objetivo com\u00fan de alcanzar un desarrollo sostenible, en el marco de la econom\u00eda circular.<\/span><\/p><p class=\"MsoNormal\" style=\"text-align: justify;\"><span style=\"font-size: 10pt; line-height: 115%; font-family: Verdana, sans-serif; color: black; background-image: initial; background-position: initial; background-size: initial; background-repeat: initial; background-attachment: initial; background-origin: initial; background-clip: initial;\">Ya nadie duda que para evitar los impactos negativos del cambio clim\u00e1tico necesitamos una reducci\u00f3n de las emisiones de gases de efecto invernadero y e<strong><span style=\"font-weight: normal;\">l sector energ\u00e9tico es el mayor responsable del conjunto de estas emisiones, por ello desde Reciner apostamos por un modelo energ\u00e9tico en el que las fuentes de energ\u00edas contaminantes se vayan remplazando por sostenibles en la medida de lo posible.<\/span><\/strong><\/span><\/p><p class=\"MsoNormal\" style=\"text-align: justify;\"><strong><span style=\"font-size: 10pt; line-height: 115%; font-family: Verdana, sans-serif; color: black; background-image: initial; background-position: initial; background-size: initial; background-repeat: initial; background-attachment: initial; background-origin: initial; background-clip: initial; font-weight: normal;\">Causas como la destrucci\u00f3n de la capa de ozono, la contaminaci\u00f3n del agua, el di\u00f3xido de carbono, acidificaci\u00f3n, erosi\u00f3n del suelo, hidrocarburos clorados y otras causas de contaminaci\u00f3n como el derramamiento de petr\u00f3leo est\u00e1n deteriorando nuestro planeta, pero la \u00abcausa de todas las causas\u00bb somos nosotros mismos&#8230;, y en este origen es donde todos tenemos la obligaci\u00f3n de actuar de manera responsable. No deposites tus residuos donde no debes, mant\u00e9n limpio tu medio ambiente como si fuera tu propia vida, porque lo es.<\/span><\/strong><\/p><p class=\"MsoNormal\" style=\"text-align: justify;\"><strong><span style=\"font-size: 10pt; line-height: 115%; font-family: Verdana, sans-serif; color: black; background-image: initial; background-position: initial; background-size: initial; background-repeat: initial; background-attachment: initial; background-origin: initial; background-clip: initial; font-weight: normal;\">\u00a0<\/span><\/strong><\/p><p class=\"MsoNormal\"><strong><i><span style=\"font-size: 9pt; line-height: 115%; font-family: Verdana, sans-serif; color: black; background-image: initial; background-position: initial; background-size: initial; background-repeat: initial; background-attachment: initial; background-origin: initial; background-clip: initial;\">\u00a0\u201cEl aut\u00e9ntico conservacionista es alguien que sabe que el mundo no es una herencia de sus padres, sino un pr\u00e9stamo de sus hijos.\u201d<\/span><\/i><\/strong><\/p><p>\u00a0<\/p><p class=\"MsoNormal\"><strong><span style=\"font-size: 9pt; line-height: 115%; font-family: Verdana, sans-serif; color: black; background-image: initial; background-position: initial; background-size: initial; background-repeat: initial; background-attachment: initial; background-origin: initial; background-clip: initial;\">J.J. Audubon 1800<\/span><\/strong><\/p>\t\t\t\t\t\t\t\t<\/div>\n\t\t\t\t<\/div>\n\t\t\t\t\t<\/div>\n\t\t<\/div>\n\t\t\t\t\t<\/div>\n\t\t<\/section>\n\t\t\t\t<section class=\"elementor-section elementor-top-section elementor-element elementor-element-cde0efe elementor-section-content-middle elementor-section-boxed elementor-section-height-default elementor-section-height-default\" data-id=\"cde0efe\" data-element_type=\"section\" data-e-type=\"section\" data-settings=\"{&quot;background_background&quot;:&quot;classic&quot;}\">\n\t\t\t\t\t\t<div class=\"elementor-container elementor-column-gap-default\">\n\t\t\t\t\t<div class=\"elementor-column elementor-col-33 elementor-top-column elementor-element elementor-element-8f2eeb9\" data-id=\"8f2eeb9\" data-element_type=\"column\" data-e-type=\"column\">\n\t\t\t<div class=\"elementor-widget-wrap elementor-element-populated\">\n\t\t\t\t\t\t<div class=\"elementor-element elementor-element-a1cfae5 elementor-widget elementor-widget-image\" data-id=\"a1cfae5\" data-element_type=\"widget\" data-e-type=\"widget\" data-widget_type=\"image.default\">\n\t\t\t\t<div class=\"elementor-widget-container\">\n\t\t\t\t\t\t\t\t\t\t\t\t\t\t\t\t<a href=\"https:\/\/www.un.org\/sustainabledevelopment\/es\/objetivos-de-desarrollo-sostenible\/\" target=\"_blank\">\n\t\t\t\t\t\t\t<img decoding=\"async\" width=\"740\" height=\"739\" src=\"https:\/\/reciner.com\/wp-content\/uploads\/2023\/09\/ODS-sin-fondo.png\" class=\"attachment-large size-large wp-image-2154\" alt=\"\" srcset=\"https:\/\/reciner.com\/wp-content\/uploads\/2023\/09\/ODS-sin-fondo.png 740w, https:\/\/reciner.com\/wp-content\/uploads\/2023\/09\/ODS-sin-fondo-300x300.png 300w, https:\/\/reciner.com\/wp-content\/uploads\/2023\/09\/ODS-sin-fondo-150x150.png 150w\" sizes=\"(max-width: 740px) 100vw, 740px\" \/>\t\t\t\t\t\t\t\t<\/a>\n\t\t\t\t\t\t\t\t\t\t\t\t\t\t\t<\/div>\n\t\t\t\t<\/div>\n\t\t\t\t\t<\/div>\n\t\t<\/div>\n\t\t\t\t<div class=\"elementor-column elementor-col-33 elementor-top-column elementor-element elementor-element-c55a503\" data-id=\"c55a503\" data-element_type=\"column\" data-e-type=\"column\">\n\t\t\t<div class=\"elementor-widget-wrap elementor-element-populated\">\n\t\t\t\t\t\t<div class=\"elementor-element elementor-element-aa1e41a elementor-widget elementor-widget-heading\" data-id=\"aa1e41a\" data-element_type=\"widget\" data-e-type=\"widget\" data-widget_type=\"heading.default\">\n\t\t\t\t<div class=\"elementor-widget-container\">\n\t\t\t\t\t<h2 class=\"elementor-heading-title elementor-size-default\"><a href=\"https:\/\/reciner.com\/?page_id=16\">QUIERES DECIRNOS ALGO...<\/a><\/h2>\t\t\t\t<\/div>\n\t\t\t\t<\/div>\n\t\t\t\t<div class=\"elementor-element elementor-element-f1654d3 elementor-widget elementor-widget-text-editor\" data-id=\"f1654d3\" data-element_type=\"widget\" data-e-type=\"widget\" data-widget_type=\"text-editor.default\">\n\t\t\t\t<div class=\"elementor-widget-container\">\n\t\t\t\t\t\t\t\t\t<p>Puedes llamarnos al 983 607 195 o mandarnos un mail a info@reciner.com<\/p>\t\t\t\t\t\t\t\t<\/div>\n\t\t\t\t<\/div>\n\t\t\t\t\t<\/div>\n\t\t<\/div>\n\t\t\t\t<div class=\"elementor-column elementor-col-33 elementor-top-column elementor-element elementor-element-aace09f\" data-id=\"aace09f\" data-element_type=\"column\" data-e-type=\"column\">\n\t\t\t<div class=\"elementor-widget-wrap elementor-element-populated\">\n\t\t\t\t\t\t<div class=\"elementor-element elementor-element-2641baf elementor-widget elementor-widget-image\" data-id=\"2641baf\" data-element_type=\"widget\" data-e-type=\"widget\" data-widget_type=\"image.default\">\n\t\t\t\t<div class=\"elementor-widget-container\">\n\t\t\t\t\t\t\t\t\t\t\t\t\t\t\t\t<a href=\"https:\/\/www.iscc-system.org\/\" target=\"_blank\">\n\t\t\t\t\t\t\t<img decoding=\"async\" width=\"172\" height=\"171\" src=\"https:\/\/reciner.com\/wp-content\/uploads\/2023\/09\/ISCC-sin-fondo.png\" class=\"attachment-large size-large wp-image-2155\" alt=\"\" srcset=\"https:\/\/reciner.com\/wp-content\/uploads\/2023\/09\/ISCC-sin-fondo.png 172w, https:\/\/reciner.com\/wp-content\/uploads\/2023\/09\/ISCC-sin-fondo-150x150.png 150w\" sizes=\"(max-width: 172px) 100vw, 172px\" \/>\t\t\t\t\t\t\t\t<\/a>\n\t\t\t\t\t\t\t\t\t\t\t\t\t\t\t<\/div>\n\t\t\t\t<\/div>\n\t\t\t\t\t<\/div>\n\t\t<\/div>\n\t\t\t\t\t<\/div>\n\t\t<\/section>\n\t\t\t\t<\/div>\n\t\t","protected":false},"excerpt":{"rendered":"<p>quienes somos nuestra misi\u00f3n Reciner naci\u00f3 en los a\u00f1os 2000 con el objetivo principal de dar valor a recursos que se estaban desechando, fijamos nuestro punto de partida en la circularidad de las materias primas que suponen los residuos, algunos de ellos contaminantes. Creamos nuestra propia planta de tratamiento en la que hoy procesamos y [&hellip;]<\/p>\n","protected":false},"author":1,"featured_media":0,"parent":0,"menu_order":0,"comment_status":"closed","ping_status":"closed","template":"","meta":{"site-sidebar-layout":"no-sidebar","site-content-layout":"page-builder","ast-site-content-layout":"default","site-content-style":"default","site-sidebar-style":"default","ast-global-header-display":"","ast-banner-title-visibility":"","ast-main-header-display":"","ast-hfb-above-header-display":"","ast-hfb-below-header-display":"","ast-hfb-mobile-header-display":"","site-post-title":"disabled","ast-breadcrumbs-content":"","ast-featured-img":"disabled","footer-sml-layout":"","ast-disable-related-posts":"","theme-transparent-header-meta":"enabled","adv-header-id-meta":"","stick-header-meta":"","header-above-stick-meta":"","header-main-stick-meta":"","header-below-stick-meta":"","astra-migrate-meta-layouts":"default","ast-page-background-enabled":"default","ast-page-background-meta":{"desktop":{"background-color":"var(--ast-global-color-4)","background-image":"","background-repeat":"repeat","background-position":"center center","background-size":"auto","background-attachment":"scroll","background-type":"","background-media":"","overlay-type":"","overlay-color":"","overlay-opacity":"","overlay-gradient":""},"tablet":{"background-color":"","background-image":"","background-repeat":"repeat","background-position":"center center","background-size":"auto","background-attachment":"scroll","background-type":"","background-media":"","overlay-type":"","overlay-color":"","overlay-opacity":"","overlay-gradient":""},"mobile":{"background-color":"","background-image":"","background-repeat":"repeat","background-position":"center center","background-size":"auto","background-attachment":"scroll","background-type":"","background-media":"","overlay-type":"","overlay-color":"","overlay-opacity":"","overlay-gradient":""}},"ast-content-background-meta":{"desktop":{"background-color":"var(--ast-global-color-5)","background-image":"","background-repeat":"repeat","background-position":"center center","background-size":"auto","background-attachment":"scroll","background-type":"","background-media":"","overlay-type":"","overlay-color":"","overlay-opacity":"","overlay-gradient":""},"tablet":{"background-color":"var(--ast-global-color-5)","background-image":"","background-repeat":"repeat","background-position":"center center","background-size":"auto","background-attachment":"scroll","background-type":"","background-media":"","overlay-type":"","overlay-color":"","overlay-opacity":"","overlay-gradient":""},"mobile":{"background-color":"var(--ast-global-color-5)","background-image":"","background-repeat":"repeat","background-position":"center center","background-size":"auto","background-attachment":"scroll","background-type":"","background-media":"","overlay-type":"","overlay-color":"","overlay-opacity":"","overlay-gradient":""}},"footnotes":""},"class_list":["post-1710","page","type-page","status-publish","hentry"],"_links":{"self":[{"href":"https:\/\/reciner.com\/index.php?rest_route=\/wp\/v2\/pages\/1710","targetHints":{"allow":["GET"]}}],"collection":[{"href":"https:\/\/reciner.com\/index.php?rest_route=\/wp\/v2\/pages"}],"about":[{"href":"https:\/\/reciner.com\/index.php?rest_route=\/wp\/v2\/types\/page"}],"author":[{"embeddable":true,"href":"https:\/\/reciner.com\/index.php?rest_route=\/wp\/v2\/users\/1"}],"replies":[{"embeddable":true,"href":"https:\/\/reciner.com\/index.php?rest_route=%2Fwp%2Fv2%2Fcomments&post=1710"}],"version-history":[{"count":52,"href":"https:\/\/reciner.com\/index.php?rest_route=\/wp\/v2\/pages\/1710\/revisions"}],"predecessor-version":[{"id":2245,"href":"https:\/\/reciner.com\/index.php?rest_route=\/wp\/v2\/pages\/1710\/revisions\/2245"}],"wp:attachment":[{"href":"https:\/\/reciner.com\/index.php?rest_route=%2Fwp%2Fv2%2Fmedia&parent=1710"}],"curies":[{"name":"wp","href":"https:\/\/api.w.org\/{rel}","templated":true}]}}